{"id":17677,"date":"2021-11-12T18:17:27","date_gmt":"2021-11-12T18:17:27","guid":{"rendered":"https:\/\/polarium.ltd\/?page_id=17677"},"modified":"2023-12-20T13:44:07","modified_gmt":"2023-12-20T13:44:07","slug":"cookie-policy","status":"publish","type":"page","link":"https:\/\/polarium.ltd\/de\/cookie-policy\/","title":{"rendered":"Cookie-Richtlinie"},"content":{"rendered":"<div data-elementor-type=\"wp-page\" data-elementor-id=\"17677\" class=\"elementor elementor-17677\" data-elementor-settings=\"[]\">\n\t\t\t\t\t\t<div class=\"elementor-inner\">\n\t\t\t\t\t\t\t<div class=\"elementor-section-wrap\">\n\t\t\t\t\t\t\t<section class=\"elementor-section elementor-top-section elementor-element elementor-element-295e51bc elementor-section-boxed elementor-section-height-default elementor-section-height-default sc_fly_static\" data-id=\"295e51bc\" data-element_type=\"section\">\n\t\t\t\t\t\t<div class=\"elementor-container elementor-column-gap-extended\">\n\t\t\t\t\t\t\t<div class=\"elementor-row\">\n\t\t\t\t\t<div class=\"elementor-column elementor-col-100 elementor-top-column elementor-element elementor-element-698df542 sc_inner_width_none sc_content_align_inherit sc_layouts_column_icons_position_left sc_fly_static\" data-id=\"698df542\" data-element_type=\"column\">\n\t\t\t<div class=\"elementor-column-wrap elementor-element-populated\">\n\t\t\t\t\t\t\t<div class=\"elementor-widget-wrap\">\n\t\t\t\t\t\t<div class=\"elementor-element elementor-element-6ddaa418 sc_fly_static elementor-widget elementor-widget-text-editor\" data-id=\"6ddaa418\" data-element_type=\"widget\" data-widget_type=\"text-editor.default\">\n\t\t\t\t<div class=\"elementor-widget-container\">\n\t\t\t\t\t\t\t\t<div class=\"elementor-text-editor elementor-clearfix\">\n\t\t\t\t<!-- wp:paragraph -->\n<p>Um die Dinge so klar wie m\u00f6glich in dieser Cookie-Richtlinie zu erkl\u00e4ren, sind jedes Mal, wenn auf einen dieser Begriffe verwiesen wird, streng wie folgt definiert:<\/p>\n<!-- \/wp:paragraph --><!-- wp:paragraph -->\n<p>\u00a0 &#8211; Cookie:\u00a0small amount of data generated by a website and saved by your web browser. It is used to identify your browser, provide analytics, and remember information about you such as your language preference or login information.<\/p>\n<!-- \/wp:paragraph --><!-- wp:paragraph -->\n<p>\u00a0 &#8211; Company: when this policy mentions \u201cCompany,\u201d \u201cwe,\u201d \u201cus,\u201d or \u201cour,\u201d it refers to Extent-Assist LTD, (London (Wc2) Office, 7 Bell Yard, London, United Kingdom, WC2A 2JR), that is responsible for your information under this Cookie Policy.<\/p>\n<!-- \/wp:paragraph --><!-- wp:paragraph -->\n<p>\u00a0 &#8211; Device: any internet connected device such as a phone, tablet, computer or any other device that can be used to visit Extent-Assist LTD and use the services.<\/p>\n<!-- \/wp:paragraph --><!-- wp:paragraph -->\n<p>\u00a0 &#8211; Personal Data: any information that directly, indirectly, or in connection with other information \u2014 including a personal identification number \u2014 allows for the identification or identifiability of a natural person.<\/p>\n<!-- \/wp:paragraph --><!-- wp:paragraph -->\n<p>\u00a0 &#8211; Service: refers to the service provided by Extent-Assist LTD as described in the relative terms (if available) and on this platform.<\/p>\n<!-- \/wp:paragraph --><!-- wp:paragraph -->\n<p>\u00a0 &#8211; Third-party service:\u00a0refers to advertisers, contest sponsors, promotional and marketing partners, and others who provide our content or whose products or services we think may interest you.<\/p>\n<!-- \/wp:paragraph --><!-- wp:paragraph -->\n<p>\u00a0 &#8211; Website: Extent-Assist LTD\u2019s site, which can be accessed via this URL: <a href=\"https:\/\/polarium.ltd\/de\/\">https:\/\/polarium.ltd\/<\/a><\/p>\n<!-- \/wp:paragraph --><!-- wp:paragraph -->\n<p>\u00a0 &#8211; You: a person or entity that is registered with Extent-Assist LTD to use the Services.<\/p>\n<!-- \/wp:paragraph --><!-- wp:paragraph -->\n<p class=\" translation-block\"><strong>Einleitung<\/strong><\/p>\n<!-- \/wp:paragraph --><!-- wp:paragraph -->\n<p>This Cookie Policy explains how Extent-Assist LTD and its affiliates (collectively &#8220;Extent-Assist LTD&#8221;, &#8220;we&#8221;, &#8220;us&#8221;, and &#8220;ours&#8221;), use cookies and similar technologies to recognize you when you visit our website, including without limitation <a href=\"https:\/\/polarium.ltd\/de\/\">https:\/\/polarium.ltd\/<\/a> und damit verbundene URLs, mobile oder lokalisierte Versionen und verwandte Domains \/ Subdomains (\u00abWebsites\u00bb). Es erkl\u00e4rt, was diese Technologien sind und warum wir sie einsetzen, sowie die Wahlm\u00f6glichkeiten, wie sie zu kontrollieren sind.<\/p>\n<!-- \/wp:paragraph --><!-- wp:paragraph -->\n<p><strong>Was ist ein Cookie?<\/strong><\/p>\n<!-- \/wp:paragraph --><!-- wp:paragraph -->\n<p>Ein Cookie ist eine kleine Textdatei, die auf Ihrem Computer oder einem anderen mit dem Internet verbundenen Ger\u00e4t gespeichert wird, um Ihren Browser zu identifizieren, Analysen durchzuf\u00fchren und Informationen \u00fcber Sie zu speichern, wie z. B. Ihre bevorzugte Sprache oder Anmeldedaten. Sie sind absolut sicher und k\u00f6nnen nicht verwendet werden, um Programme auszuf\u00fchren oder Viren auf Ihr Ger\u00e4t zu \u00fcbertragen.<\/p>\n<!-- \/wp:paragraph --><!-- wp:paragraph -->\n<p><strong>Warum verwenden wir Cookies?<\/strong><\/p>\n<!-- \/wp:paragraph --><!-- wp:paragraph -->\n<p>Wir verwenden Erstanbieter- und\/oder Drittanbieter-Cookies auf unserer Website f\u00fcr verschiedene Zwecke, wie zum Beispiel:<\/p>\n<!-- \/wp:paragraph --><!-- wp:paragraph -->\n<p>\u00a0 &#8211; To facilitate the operation and functionality of our website;<\/p>\n<!-- \/wp:paragraph --><!-- wp:paragraph -->\n<p>\u00a0 &#8211; To improve your experience of our website and make navigating around them quicker and easier;<\/p>\n<!-- \/wp:paragraph --><!-- wp:paragraph -->\n<p>\u00a0 &#8211; To allow us to make a bespoke user experience for you and for us to understand what is useful or of interest to you;<\/p>\n<!-- \/wp:paragraph --><!-- wp:paragraph -->\n<p>\u00a0 &#8211; To analyze how our website is used and how best we can customize it;<\/p>\n<!-- \/wp:paragraph --><!-- wp:paragraph -->\n<p>\u00a0 &#8211; To identify future prospects and personalize marketing and sales interactions with it;<\/p>\n<!-- \/wp:paragraph --><!-- wp:paragraph -->\n<p>\u00a0 &#8211; To facilitate the tailoring of online advertising to your interests.<\/p>\n<!-- \/wp:paragraph --><!-- wp:paragraph -->\n<p><strong>What type of cookies does Extent-Assist LTD use?<\/strong><\/p>\n<!-- \/wp:paragraph --><!-- wp:paragraph -->\n<p>Cookies k\u00f6nnen entweder Session-Cookies oder dauerhafte Cookies sein. Ein Session-Cookie l\u00e4uft automatisch ab, wenn Sie Ihren Browser schliessen. Ein dauerhaftes Cookie bleibt bestehen, bis es abl\u00e4uft oder Sie Ihre Cookies l\u00f6schen. Die Ablaufdaten werden in den Cookies selbst festgelegt; einige k\u00f6nnen nach einigen Minuten ablaufen, w\u00e4hrend andere nach mehreren Jahren ablaufen. Cookies, die von der von Ihnen besuchten Website platziert werden, werden als \u00abFirst-Party-Cookies\u00bb bezeichnet.<\/p>\n<!-- \/wp:paragraph --><!-- wp:paragraph -->\n<p>Unbedingt notwendige Cookies sind f\u00fcr das Funktionieren unserer Website notwendig und k\u00f6nnen in unseren Systemen nicht abgeschaltet werden. Sie sind unerl\u00e4sslich, damit Sie auf der Website navigieren und ihre Funktionen nutzen k\u00f6nnen. Wenn Sie diese Cookies entfernen oder deaktivieren, k\u00f6nnen wir nicht garantieren, dass Sie unsere Website nutzen k\u00f6nnen.<\/p>\n<!-- \/wp:paragraph --><!-- wp:paragraph -->\n<p><strong>Wesentliche Cookies<\/strong><\/p>\n<!-- \/wp:paragraph --><!-- wp:paragraph -->\n<p>Wir verwenden wesentliche Cookies, damit unsere Website funktioniert. Diese Cookies sind unbedingt erforderlich, um Kernfunktionen wie Sicherheit, Netzwerkverwaltung, Ihre Cookie-Einstellungen und Barrierefreiheit zu erm\u00f6glichen. Ohne sie w\u00e4ren Sie nicht in der Lage, grundlegende Dienstleistungen zu nutzen. Sie k\u00f6nnen diese deaktivieren, indem Sie Ihre Browsereinstellungen \u00e4ndern.<\/p>\n<!-- \/wp:paragraph --><!-- wp:paragraph -->\n<p><strong>Cookies f\u00fcr Leistung und Funktionalit\u00e4t<\/strong><\/p>\n<!-- \/wp:paragraph --><!-- wp:paragraph -->\n<p>Diese Cookies werden verwendet, um die Leistung und Funktionalit\u00e4t unserer Website zu verbessern, sind aber f\u00fcr deren Nutzung nicht notwendig. Ohne diese Cookies k\u00f6nnen jedoch bestimmte Funktionen wie Videos nicht mehr verf\u00fcgbar sein oder Sie m\u00fcssen bei jedem Besuch der Website Ihre Login-Daten eingeben, da wir nicht mehr daran erinnern k\u00f6nnen, dass Sie sich zuvor eingeloggt haben.<\/p>\n<!-- \/wp:paragraph --><!-- wp:paragraph -->\n<p><strong>Analyse- und Personalisierungs-Cookies<\/strong><\/p>\n<!-- \/wp:paragraph --><!-- wp:paragraph -->\n<p>Wir verwenden Cookies, die von Google Analytics bereitgestellt werden, um begrenzte Daten direkt von den Browsern der Endbenutzer zu erfassen, damit wir Ihre Nutzung unserer Website besser verstehen k\u00f6nnen. Weitere Informationen zur Erhebung und Verwendung dieser Daten durch Google finden Sie unter:\u00a0<a href=\"https:\/\/www.google.com\/policies\/privacy\/partners\/\">https:\/\/www.google.com\/policies\/privacy\/partners\/<\/a>. Sie k\u00f6nnen alle von Google unterst\u00fctzten Analysen auf unseren Websites unter\u00a0<a href=\"https:\/\/tools.google.com\/dlpage\/gaoptout\">https:\/\/tools.google.com\/dlpage\/gaoptout<\/a>.<\/p>\n<!-- \/wp:paragraph --><!-- wp:paragraph -->\n<p>Cookies f\u00fcr soziale Medien<\/p>\n<!-- \/wp:paragraph --><!-- wp:paragraph -->\n<p>Diese Cookies werden verwendet, wenn Sie Informationen \u00fcber einen Social-Media-Sharing-Button oder \u00abGef\u00e4llt mir\u00bb-Button auf unserer Website teilen oder wenn Sie Ihr Konto verlinken oder sich mit unseren Inhalten auf oder \u00fcber eine Website sozialer Netzwerke wie Facebook, Twitter oder Google+ interagieren. Das soziale Netzwerk wird aufzeichnen, dass Sie dies getan haben. Diese Cookies k\u00f6nnen auch bestimmten Code enthalten, der auf der Plattform platziert wurde, um Conversions von Anzeigen nachzuverfolgen, Anzeigen basierend auf gesammelten Daten zu optimieren, Zielgruppen f\u00fcr zuk\u00fcnftige Anzeigen zu erstellen und qualifizierte Nutzer, die bereits bestimmte Massnahmen auf der Plattform ergriffen haben, neu zu vermarkten.<\/p>\n<!-- \/wp:paragraph --><!-- wp:paragraph -->\n<p><strong>Cookies von Drittanbietern<\/strong><\/p>\n<!-- \/wp:paragraph --><!-- wp:paragraph -->\n<p>Some cookies that have been set on our website are not set on a first party basis by Extent-Assist LTD. The Websites can be embedded with content from third parties to serve advertising. These third party service providers may set their own cookies on your web browser. Third party service providers control many of the performance and functionality, advertising, marketing and analytics cookies described above. We do not control the use of these third party cookies as cookies can only be accessed by the third party that originally set them.<\/p>\n<!-- \/wp:paragraph --><!-- wp:paragraph -->\n<p>Wie k\u00f6nnen Sie Cookies verwalten?<\/p>\n<!-- \/wp:paragraph --><!-- wp:paragraph -->\n<p>Die meisten Browser erm\u00f6glichen es Ihnen, Cookies \u00fcber ihre \u00abEinstellungen\u00bb Einstellungen zu steuern. Wenn Sie jedoch die M\u00f6glichkeit von Websites einschr\u00e4nken, Cookies zu setzen, k\u00f6nnen Sie Ihre allgemeine Benutzererfahrung verschlechtern, da sie nicht mehr f\u00fcr Sie personalisiert ist. Es kann auch verhindern, dass Sie benutzerdefinierte Einstellungen wie Login-Informationen speichern. Browser-Hersteller bieten in ihren Produkten Hilfeseiten zum Cookie-Management an.<\/p>\n<!-- \/wp:paragraph --><!-- wp:paragraph -->\n<p>Browser-Hersteller bieten in ihren Produkten Hilfeseiten zum Cookie-Management an. Bitte lesen Sie unten f\u00fcr weitere Informationen.<\/p>\n<!-- \/wp:paragraph --><!-- wp:paragraph -->\n<p>\u00a0 &#8211; Google Chrome<\/p>\n<!-- \/wp:paragraph --><!-- wp:paragraph -->\n<p>\u00a0 &#8211; Internet Explorer<\/p>\n<!-- \/wp:paragraph --><!-- wp:paragraph -->\n<p>\u00a0 &#8211; Mozilla Firefox<\/p>\n<!-- \/wp:paragraph --><!-- wp:paragraph -->\n<p>\u00a0 &#8211; Safari (Desktop)<\/p>\n<!-- \/wp:paragraph --><!-- wp:paragraph -->\n<p>\u00a0 -Safari (Mobile)<\/p>\n<!-- \/wp:paragraph --><!-- wp:paragraph -->\n<p>\u00a0 &#8211; Android Browser<\/p>\n<!-- \/wp:paragraph --><!-- wp:paragraph -->\n<p>\u00a0 &#8211; Opera<\/p>\n<!-- \/wp:paragraph --><!-- wp:paragraph -->\n<p>\u00a0 &#8211; Opera Mobile<\/p>\n<!-- \/wp:paragraph --><!-- wp:paragraph -->\n<p><strong>Blockieren und Deaktivieren von Cookies und \u00e4hnlichen Technologien<\/strong><\/p>\n<!-- \/wp:paragraph --><!-- wp:paragraph -->\n<p>Wo immer Sie sich befinden, k\u00f6nnen Sie Ihren Browser auch so einstellen, dass Cookies und \u00e4hnliche Technologien blockiert werden. Beachten Sie auch, dass Sie m\u00f6glicherweise einige gespeicherte Informationen (z.B. gespeicherte Login-Daten, Website-Einstellungen) verlieren, wenn Sie Cookies in Ihrem Browser blockieren. Verschiedene Browser stellen Ihnen unterschiedliche Steuerelemente zur Verf\u00fcgung. Das Deaktivieren eines Cookies oder einer Cookie-Kategorie l\u00f6scht das Cookie nicht aus Ihrem Browser.<\/p>\n<!-- \/wp:paragraph --><!-- wp:paragraph -->\n<p><strong>Allgemeiner Haftungsausschluss<\/strong><\/p>\n<!-- \/wp:paragraph --><!-- wp:paragraph -->\n<p>The Extent-Assist LTD Service and its contents are provided &#8220;as is&#8221; and &#8220;as available&#8221; without any warranty or representations of any kind, whether express or implied. Extent-Assist LTD is a distributor and not a publisher of the content supplied by third parties; as such, Extent-Assist LTD exercises no editorial control over such content and makes no warranty or representation as to the accuracy, reliability or currency of any information, content, service or merchandise provided through or accessible via the Extent-Assist LTD Service. Without limiting the foregoing, Extent-Assist LTD specifically disclaims all warranties and representations in any content transmitted on or in connection with the Extent-Assist LTD Service or on sites that may appear as links on the Extent-Assist LTD Service, or in the products provided as a part of, or otherwise in connection with, the Extent-Assist LTD Service, including without limitation any warranties of merchantability, fitness for a particular purpose or non-infringement of third party rights. No oral advice or written information given by Extent-Assist LTD or any of its affiliates, employees, officers, directors, agents, or the like will create a warranty. Price and availability information is subject to change without notice. Without limiting the foregoing, Extent-Assist LTD does not warrant that the Extent-Assist LTD Service will be uninterrupted, uncorrupted, timely, or error-free.<\/p>\n<!-- \/wp:paragraph --><!-- wp:paragraph -->\n<p><strong>\u00c4nderungen an unseren Cookie-Richtlinien<\/strong><\/p>\n<!-- \/wp:paragraph --><!-- wp:paragraph -->\n<p>Wir k\u00f6nnen unseren Service und unsere Richtlinien \u00e4ndern, und wir m\u00fcssen m\u00f6glicherweise \u00c4nderungen an dieser Cookie-Richtlinie vornehmen, damit sie unseren Service und unsere Richtlinien korrekt wiedergeben. Sofern nicht anderweitig gesetzlich vorgeschrieben, benachrichtigen wir Sie (z. B. \u00fcber unseren Service), bevor wir \u00c4nderungen an dieser Cookie-Richtlinie vornehmen, und geben Ihnen die M\u00f6glichkeit, diese zu \u00fcberpr\u00fcfen, bevor sie in Kraft treten. Wenn Sie den Service weiterhin nutzen, sind Sie an die aktualisierte Cookie-Richtlinie gebunden. Wenn Sie mit dieser oder einer aktualisierten Cookie-Richtlinie nicht einverstanden sind, k\u00f6nnen Sie Ihr Konto l\u00f6schen.<\/p>\n<!-- \/wp:paragraph --><!-- wp:paragraph -->\n<p><strong>Ihre Zustimmung<\/strong><\/p>\n<!-- \/wp:paragraph --><!-- wp:paragraph -->\n<p>Indem Sie unsere Website nutzen, ein Konto registrieren oder einen Kauf t\u00e4tigen, stimmen Sie hiermit unseren Cookie-Richtlinien und deren Bedingungen zu.<\/p>\n<!-- \/wp:paragraph --><!-- wp:paragraph -->\n<p><strong>Kontakt<\/strong><\/p>\n<!-- \/wp:paragraph --><!-- wp:paragraph -->\n<p>Z\u00f6gern Sie nicht, uns zu kontaktieren, wenn Sie Fragen haben.<\/p>\n<!-- \/wp:paragraph --><!-- wp:paragraph -->\n<p>\u00a0&#8211; Via Email: <a href=\"mailto:info@polarium.ltd\">info@polarium.ltd<\/a><\/p>\n<!-- \/wp:paragraph --><!-- wp:paragraph -->\n<p>\u00a0&#8211; Via Phone Number: <a href=\"tel: 447458148293\">+447458148293<\/a><\/p>\n<!-- \/wp:paragraph --><!-- wp:paragraph -->\n<p>\u00a0&#8211; Via this Link: <a href=\"https:\/\/polarium.ltd\/de\/\">https:\/\/polarium.ltd\/<\/a><\/p>\n<!-- \/wp:paragraph -->\t\t\t\t\t<\/div>\n\t\t\t\t\t\t<\/div>\n\t\t\t\t<\/div>\n\t\t\t\t\t\t<\/div>\n\t\t\t\t\t<\/div>\n\t\t<\/div>\n\t\t\t\t\t\t\t\t<\/div>\n\t\t\t\t\t<\/div>\n\t\t<\/section>\n\t\t\t\t\t\t<\/div>\n\t\t\t\t\t\t<\/div>\n\t\t\t\t\t<\/div>","protected":false},"excerpt":{"rendered":"<p>To help explain things as clearly as possible in this Cookie Policy, every time any&hellip;<\/p>","protected":false},"author":1,"featured_media":0,"parent":0,"menu_order":0,"comment_status":"closed","ping_status":"closed","template":"","meta":{"om_disable_all_campaigns":false,"_monsterinsights_skip_tracking":false,"_monsterinsights_sitenote_active":false,"_monsterinsights_sitenote_note":"","_monsterinsights_sitenote_category":0,"footnotes":""},"yoast_head":"<!-- This site is optimized with the Yoast SEO plugin v17.9 - https:\/\/yoast.com\/wordpress\/plugins\/seo\/ -->\n<title>Cookie Policy - Business Consulting Agency Polarium<\/title>\n<meta name=\"robots\" content=\"index, follow, max-snippet:-1, max-image-preview:large, max-video-preview:-1\" \/>\n<link rel=\"canonical\" href=\"https:\/\/polarium.ltd\/de\/cookie-policy\/\" \/>\n<meta property=\"og:locale\" content=\"de_DE\" \/>\n<meta property=\"og:type\" content=\"article\" \/>\n<meta property=\"og:title\" content=\"Cookie Policy - Business Consulting Agency Polarium\" \/>\n<meta property=\"og:description\" content=\"To help explain things as clearly as possible in this Cookie Policy, every time any&hellip;\" \/>\n<meta property=\"og:url\" content=\"https:\/\/polarium.ltd\/de\/cookie-policy\/\" \/>\n<meta property=\"og:site_name\" content=\"Business Consulting Agency Polarium\" \/>\n<meta property=\"article:modified_time\" content=\"2023-12-20T13:44:07+00:00\" \/>\n<meta name=\"twitter:card\" content=\"summary_large_image\" \/>\n<meta name=\"twitter:label1\" content=\"Gesch\u00e4tzte Lesezeit\" \/>\n\t<meta name=\"twitter:data1\" content=\"7\u00a0Minuten\" \/>\n<script type=\"application\/ld+json\" class=\"yoast-schema-graph\">{\"@context\":\"https:\/\/schema.org\",\"@graph\":[{\"@type\":\"WebSite\",\"@id\":\"https:\/\/polarium.ltd\/#website\",\"url\":\"https:\/\/polarium.ltd\/\",\"name\":\"Business Consulting Agency Polarium\",\"description\":\"\",\"potentialAction\":[{\"@type\":\"SearchAction\",\"target\":{\"@type\":\"EntryPoint\",\"urlTemplate\":\"https:\/\/polarium.ltd\/?s={search_term_string}\"},\"query-input\":\"required name=search_term_string\"}],\"inLanguage\":\"de\"},{\"@type\":\"WebPage\",\"@id\":\"https:\/\/polarium.ltd\/cookie-policy\/#webpage\",\"url\":\"https:\/\/polarium.ltd\/cookie-policy\/\",\"name\":\"Cookie Policy - Business Consulting Agency Polarium\",\"isPartOf\":{\"@id\":\"https:\/\/polarium.ltd\/#website\"},\"datePublished\":\"2021-11-12T18:17:27+00:00\",\"dateModified\":\"2023-12-20T13:44:07+00:00\",\"breadcrumb\":{\"@id\":\"https:\/\/polarium.ltd\/cookie-policy\/#breadcrumb\"},\"inLanguage\":\"de\",\"potentialAction\":[{\"@type\":\"ReadAction\",\"target\":[\"https:\/\/polarium.ltd\/cookie-policy\/\"]}]},{\"@type\":\"BreadcrumbList\",\"@id\":\"https:\/\/polarium.ltd\/cookie-policy\/#breadcrumb\",\"itemListElement\":[{\"@type\":\"ListItem\",\"position\":1,\"name\":\"Home\",\"item\":\"https:\/\/polarium.ltd\/\"},{\"@type\":\"ListItem\",\"position\":2,\"name\":\"Cookie Policy\"}]}]}<\/script>\n<!-- \/ Yoast SEO plugin. -->","yoast_head_json":{"title":"Cookie Policy - Business Consulting Agency Polarium","robots":{"index":"index","follow":"follow","max-snippet":"max-snippet:-1","max-image-preview":"max-image-preview:large","max-video-preview":"max-video-preview:-1"},"canonical":"https:\/\/polarium.ltd\/de\/cookie-policy\/","og_locale":"de_DE","og_type":"article","og_title":"Cookie Policy - Business Consulting Agency Polarium","og_description":"To help explain things as clearly as possible in this Cookie Policy, every time any&hellip;","og_url":"https:\/\/polarium.ltd\/de\/cookie-policy\/","og_site_name":"Business Consulting Agency Polarium","article_modified_time":"2023-12-20T13:44:07+00:00","twitter_card":"summary_large_image","twitter_misc":{"Gesch\u00e4tzte Lesezeit":"7\u00a0Minuten"},"schema":{"@context":"https:\/\/schema.org","@graph":[{"@type":"WebSite","@id":"https:\/\/polarium.ltd\/#website","url":"https:\/\/polarium.ltd\/","name":"Business Consulting Agency Polarium","description":"","potentialAction":[{"@type":"SearchAction","target":{"@type":"EntryPoint","urlTemplate":"https:\/\/polarium.ltd\/?s={search_term_string}"},"query-input":"required name=search_term_string"}],"inLanguage":"de"},{"@type":"WebPage","@id":"https:\/\/polarium.ltd\/cookie-policy\/#webpage","url":"https:\/\/polarium.ltd\/cookie-policy\/","name":"Cookie Policy - Business Consulting Agency Polarium","isPartOf":{"@id":"https:\/\/polarium.ltd\/#website"},"datePublished":"2021-11-12T18:17:27+00:00","dateModified":"2023-12-20T13:44:07+00:00","breadcrumb":{"@id":"https:\/\/polarium.ltd\/cookie-policy\/#breadcrumb"},"inLanguage":"de","potentialAction":[{"@type":"ReadAction","target":["https:\/\/polarium.ltd\/cookie-policy\/"]}]},{"@type":"BreadcrumbList","@id":"https:\/\/polarium.ltd\/cookie-policy\/#breadcrumb","itemListElement":[{"@type":"ListItem","position":1,"name":"Home","item":"https:\/\/polarium.ltd\/"},{"@type":"ListItem","position":2,"name":"Cookie Policy"}]}]}},"_links":{"self":[{"href":"https:\/\/polarium.ltd\/de\/wp-json\/wp\/v2\/pages\/17677"}],"collection":[{"href":"https:\/\/polarium.ltd\/de\/wp-json\/wp\/v2\/pages"}],"about":[{"href":"https:\/\/polarium.ltd\/de\/wp-json\/wp\/v2\/types\/page"}],"author":[{"embeddable":true,"href":"https:\/\/polarium.ltd\/de\/wp-json\/wp\/v2\/users\/1"}],"replies":[{"embeddable":true,"href":"https:\/\/polarium.ltd\/de\/wp-json\/wp\/v2\/comments?post=17677"}],"version-history":[{"count":19,"href":"https:\/\/polarium.ltd\/de\/wp-json\/wp\/v2\/pages\/17677\/revisions"}],"predecessor-version":[{"id":18996,"href":"https:\/\/polarium.ltd\/de\/wp-json\/wp\/v2\/pages\/17677\/revisions\/18996"}],"wp:attachment":[{"href":"https:\/\/polarium.ltd\/de\/wp-json\/wp\/v2\/media?parent=17677"}],"curies":[{"name":"wp","href":"https:\/\/api.w.org\/{rel}","templated":true}]}}