{"id":17345,"date":"2021-11-12T18:09:40","date_gmt":"2021-11-12T18:09:40","guid":{"rendered":"https:\/\/polarium.ltd\/?page_id=17345"},"modified":"2023-02-01T11:18:44","modified_gmt":"2023-02-01T11:18:44","slug":"refund_returns","status":"publish","type":"page","link":"https:\/\/polarium.ltd\/it\/refund_returns\/","title":{"rendered":"Politica dei Rimborsi"},"content":{"rendered":"<div data-elementor-type=\"wp-page\" data-elementor-id=\"17345\" class=\"elementor elementor-17345\" data-elementor-settings=\"[]\">\n\t\t\t\t\t\t<div class=\"elementor-inner\">\n\t\t\t\t\t\t\t<div class=\"elementor-section-wrap\">\n\t\t\t\t\t\t\t<section class=\"elementor-section elementor-top-section elementor-element elementor-element-29b672cb elementor-section-boxed elementor-section-height-default elementor-section-height-default sc_fly_static\" data-id=\"29b672cb\" data-element_type=\"section\">\n\t\t\t\t\t\t<div class=\"elementor-container elementor-column-gap-extended\">\n\t\t\t\t\t\t\t<div class=\"elementor-row\">\n\t\t\t\t\t<div class=\"elementor-column elementor-col-100 elementor-top-column elementor-element elementor-element-7ba59e09 sc_inner_width_none sc_content_align_inherit sc_layouts_column_icons_position_left sc_fly_static\" data-id=\"7ba59e09\" data-element_type=\"column\">\n\t\t\t<div class=\"elementor-column-wrap elementor-element-populated\">\n\t\t\t\t\t\t\t<div class=\"elementor-widget-wrap\">\n\t\t\t\t\t\t<div class=\"elementor-element elementor-element-39890bb0 sc_fly_static elementor-widget elementor-widget-text-editor\" data-id=\"39890bb0\" data-element_type=\"widget\" data-widget_type=\"text-editor.default\">\n\t\t\t\t<div class=\"elementor-widget-container\">\n\t\t\t\t\t\t\t\t<div class=\"elementor-text-editor elementor-clearfix\">\n\t\t\t\t<!-- wp:paragraph -->\n<p>Grazie per aver utilizzato i nostri servizi su <a href=\"https:\/\/polarium.ltd\/it\/\">https:\/\/polarium.ltd\/ <\/a>operated by Extent-Assist LTD.<\/p>\n<!-- \/wp:paragraph --><!-- wp:paragraph -->\n<p>Offriamo una garanzia di rimborso totale per tutti gli acquisti effettuati sul nostro sito web. Se non sei soddisfatto dei servizi che hai acquistato, devi inviare un messaggio a <a href=\"mailto:info@polarium.ltd\">info@polarium.ltd<\/a>. La tua richiesta sar\u00e0 inviata direttamente al nostro dipartimento finanziario che esaminer\u00e0 il caso. Il denaro sar\u00e0 rimborsato dal metodo di pagamento originale che hai usato durante l'acquisto.<\/p>\n<!-- \/wp:paragraph --><!-- wp:paragraph -->\n<p>Dopo il periodo di 30 giorni, non avrai pi\u00f9 diritto al rimborso. Incoraggiamo i nostri clienti a testare il servizio nelle prime due settimane per assicurarsi che sia adatto alle loro esigenze.<\/p>\n<!-- \/wp:paragraph --><!-- wp:paragraph -->\n<p>Se hai ulteriori domande o vuoi richiedere un rimborso, sentiti libero di contattarci <a href=\"mailto:info@polarium.ltd\">info@polarium.ltd<\/a>.<\/p>\n<!-- \/wp:paragraph -->\t\t\t\t\t<\/div>\n\t\t\t\t\t\t<\/div>\n\t\t\t\t<\/div>\n\t\t\t\t\t\t<\/div>\n\t\t\t\t\t<\/div>\n\t\t<\/div>\n\t\t\t\t\t\t\t\t<\/div>\n\t\t\t\t\t<\/div>\n\t\t<\/section>\n\t\t\t\t\t\t<\/div>\n\t\t\t\t\t\t<\/div>\n\t\t\t\t\t<\/div>","protected":false},"excerpt":{"rendered":"<p>Thanks for using our services at https:\/\/polarium.ltd\/ operated by Extent-Assist LTD. We offer a full&hellip;<\/p>","protected":false},"author":1,"featured_media":0,"parent":0,"menu_order":0,"comment_status":"closed","ping_status":"closed","template":"","meta":{"om_disable_all_campaigns":false,"_monsterinsights_skip_tracking":false,"_monsterinsights_sitenote_active":false,"_monsterinsights_sitenote_note":"","_monsterinsights_sitenote_category":0,"footnotes":""},"yoast_head":"<!-- This site is optimized with the Yoast SEO plugin v17.9 - https:\/\/yoast.com\/wordpress\/plugins\/seo\/ -->\n<title>Refund Policy - Business Consulting Agency Polarium<\/title>\n<meta name=\"robots\" content=\"index, follow, max-snippet:-1, max-image-preview:large, max-video-preview:-1\" \/>\n<link rel=\"canonical\" href=\"https:\/\/polarium.ltd\/it\/refund_returns\/\" \/>\n<meta property=\"og:locale\" content=\"it_IT\" \/>\n<meta property=\"og:type\" content=\"article\" \/>\n<meta property=\"og:title\" content=\"Refund Policy - Business Consulting Agency Polarium\" \/>\n<meta property=\"og:description\" content=\"Thanks for using our services at https:\/\/polarium.ltd\/ operated by Extent-Assist LTD. We offer a full&hellip;\" \/>\n<meta property=\"og:url\" content=\"https:\/\/polarium.ltd\/it\/refund_returns\/\" \/>\n<meta property=\"og:site_name\" content=\"Business Consulting Agency Polarium\" \/>\n<meta property=\"article:modified_time\" content=\"2023-02-01T11:18:44+00:00\" \/>\n<meta name=\"twitter:card\" content=\"summary_large_image\" \/>\n<meta name=\"twitter:label1\" content=\"Tempo di lettura stimato\" \/>\n\t<meta name=\"twitter:data1\" content=\"1 minuto\" \/>\n<script type=\"application\/ld+json\" class=\"yoast-schema-graph\">{\"@context\":\"https:\/\/schema.org\",\"@graph\":[{\"@type\":\"WebSite\",\"@id\":\"https:\/\/polarium.ltd\/#website\",\"url\":\"https:\/\/polarium.ltd\/\",\"name\":\"Business Consulting Agency Polarium\",\"description\":\"\",\"potentialAction\":[{\"@type\":\"SearchAction\",\"target\":{\"@type\":\"EntryPoint\",\"urlTemplate\":\"https:\/\/polarium.ltd\/?s={search_term_string}\"},\"query-input\":\"required name=search_term_string\"}],\"inLanguage\":\"it-IT\"},{\"@type\":\"WebPage\",\"@id\":\"https:\/\/polarium.ltd\/refund_returns\/#webpage\",\"url\":\"https:\/\/polarium.ltd\/refund_returns\/\",\"name\":\"Refund Policy - Business Consulting Agency Polarium\",\"isPartOf\":{\"@id\":\"https:\/\/polarium.ltd\/#website\"},\"datePublished\":\"2021-11-12T18:09:40+00:00\",\"dateModified\":\"2023-02-01T11:18:44+00:00\",\"breadcrumb\":{\"@id\":\"https:\/\/polarium.ltd\/refund_returns\/#breadcrumb\"},\"inLanguage\":\"it-IT\",\"potentialAction\":[{\"@type\":\"ReadAction\",\"target\":[\"https:\/\/polarium.ltd\/refund_returns\/\"]}]},{\"@type\":\"BreadcrumbList\",\"@id\":\"https:\/\/polarium.ltd\/refund_returns\/#breadcrumb\",\"itemListElement\":[{\"@type\":\"ListItem\",\"position\":1,\"name\":\"Home\",\"item\":\"https:\/\/polarium.ltd\/\"},{\"@type\":\"ListItem\",\"position\":2,\"name\":\"Refund Policy\"}]}]}<\/script>\n<!-- \/ Yoast SEO plugin. -->","yoast_head_json":{"title":"Refund Policy - Business Consulting Agency Polarium","robots":{"index":"index","follow":"follow","max-snippet":"max-snippet:-1","max-image-preview":"max-image-preview:large","max-video-preview":"max-video-preview:-1"},"canonical":"https:\/\/polarium.ltd\/it\/refund_returns\/","og_locale":"it_IT","og_type":"article","og_title":"Refund Policy - Business Consulting Agency Polarium","og_description":"Thanks for using our services at https:\/\/polarium.ltd\/ operated by Extent-Assist LTD. We offer a full&hellip;","og_url":"https:\/\/polarium.ltd\/it\/refund_returns\/","og_site_name":"Business Consulting Agency Polarium","article_modified_time":"2023-02-01T11:18:44+00:00","twitter_card":"summary_large_image","twitter_misc":{"Tempo di lettura stimato":"1 minuto"},"schema":{"@context":"https:\/\/schema.org","@graph":[{"@type":"WebSite","@id":"https:\/\/polarium.ltd\/#website","url":"https:\/\/polarium.ltd\/","name":"Business Consulting Agency Polarium","description":"","potentialAction":[{"@type":"SearchAction","target":{"@type":"EntryPoint","urlTemplate":"https:\/\/polarium.ltd\/?s={search_term_string}"},"query-input":"required name=search_term_string"}],"inLanguage":"it-IT"},{"@type":"WebPage","@id":"https:\/\/polarium.ltd\/refund_returns\/#webpage","url":"https:\/\/polarium.ltd\/refund_returns\/","name":"Refund Policy - Business Consulting Agency Polarium","isPartOf":{"@id":"https:\/\/polarium.ltd\/#website"},"datePublished":"2021-11-12T18:09:40+00:00","dateModified":"2023-02-01T11:18:44+00:00","breadcrumb":{"@id":"https:\/\/polarium.ltd\/refund_returns\/#breadcrumb"},"inLanguage":"it-IT","potentialAction":[{"@type":"ReadAction","target":["https:\/\/polarium.ltd\/refund_returns\/"]}]},{"@type":"BreadcrumbList","@id":"https:\/\/polarium.ltd\/refund_returns\/#breadcrumb","itemListElement":[{"@type":"ListItem","position":1,"name":"Home","item":"https:\/\/polarium.ltd\/"},{"@type":"ListItem","position":2,"name":"Refund Policy"}]}]}},"_links":{"self":[{"href":"https:\/\/polarium.ltd\/it\/wp-json\/wp\/v2\/pages\/17345"}],"collection":[{"href":"https:\/\/polarium.ltd\/it\/wp-json\/wp\/v2\/pages"}],"about":[{"href":"https:\/\/polarium.ltd\/it\/wp-json\/wp\/v2\/types\/page"}],"author":[{"embeddable":true,"href":"https:\/\/polarium.ltd\/it\/wp-json\/wp\/v2\/users\/1"}],"replies":[{"embeddable":true,"href":"https:\/\/polarium.ltd\/it\/wp-json\/wp\/v2\/comments?post=17345"}],"version-history":[{"count":10,"href":"https:\/\/polarium.ltd\/it\/wp-json\/wp\/v2\/pages\/17345\/revisions"}],"predecessor-version":[{"id":18941,"href":"https:\/\/polarium.ltd\/it\/wp-json\/wp\/v2\/pages\/17345\/revisions\/18941"}],"wp:attachment":[{"href":"https:\/\/polarium.ltd\/it\/wp-json\/wp\/v2\/media?parent=17345"}],"curies":[{"name":"wp","href":"https:\/\/api.w.org\/{rel}","templated":true}]}}